{"id":797,"date":"2018-11-22T22:42:39","date_gmt":"2018-11-23T04:42:39","guid":{"rendered":"http:\/\/encostruccion.com\/credicampo\/?page_id=797"},"modified":"2019-03-08T23:57:08","modified_gmt":"2019-03-08T23:57:08","slug":"que-ofrecemos","status":"publish","type":"page","link":"https:\/\/credicampo.com.mx\/?page_id=797","title":{"rendered":"\u00bfQu\u00e9 ofrecemos?"},"content":{"rendered":"<section class=\"wpb-content-wrapper\"><p>[vc_row full_width=&#8221;stretch_row&#8221; css=&#8221;.vc_custom_1550246338187{background-image: url(http:\/\/credicampo.com.mx\/wp-content\/uploads\/2019\/02\/servicios-1-1.jpg?id=1207) !important;background-position: center !important;background-repeat: no-repeat !important;background-size: cover !important;}&#8221;][vc_column]<div class=\"cz_gap clr \" style=\"height: 50px\"><\/div>[vc_row_inner][vc_column_inner width=&#8221;2\/3&#8243; css=&#8221;.vc_custom_1550718793933{padding-top: 15px !important;padding-right: 15px !important;padding-bottom: 15px !important;padding-left: 15px !important;background-color: rgba(92,132,103,0.62) !important;*background-color: rgb(92,132,103) !important;}&#8221;]<div class=\"cz_gap clr \" style=\"height: 50px\"><\/div><div id=\"cz_61585\" class=\"cz_61585 cz_title clr cz_smart_fs cz_title_pos_inline\"><div class=\"cz_title_content\"><div class=\"cz_wpe_content\"><h3><span style=\"font-weight: bold; font-size: 36px; color: #ffffff;\"><span style=\"font-weight: bold;\">Nuestro objetivo es claro: <\/span><\/span><\/h3>\n<h3><span style=\"font-weight: 400; font-size: 20px; color: #ffffff;\">Llevar el dinero a las manos del cliente de forma c\u00e1lida y oportuna, brindando asesor\u00eda integral, con la finalidad de incorporarlos al Sistema Financiero Mexicano.<\/span><\/h3>\n<\/div><\/div><\/div><div class=\"cz_gap clr \" style=\"height: 30px\"><\/div>[\/vc_column_inner][vc_column_inner width=&#8221;1\/3&#8243;][\/vc_column_inner][\/vc_row_inner]<div class=\"cz_gap clr \" style=\"height: 50px\"><\/div>[\/vc_column][\/vc_row][vc_row full_width=&#8221;stretch_row&#8221;][vc_column]<div class=\"cz_gap clr  hide_on_tablet hide_on_mobile\" style=\"height: 120px\"><\/div><div class=\"cz_gap show_on_tablet clr \" style=\"height: 30px\"><\/div>[\/vc_column][\/vc_row][vc_row][vc_column width=&#8221;1\/2&#8243; offset=&#8221;vc_col-md-6&#8243;][vc_single_image image=&#8221;813&#8243; img_size=&#8221;full&#8221;]<div class=\"cz_gap clr  hide_on_tablet hide_on_mobile\" style=\"height: 80px\"><\/div><div class=\"cz_gap show_on_tablet clr \" style=\"height: 20px\"><\/div>[\/vc_column][vc_column width=&#8221;1\/2&#8243;][vc_column_text]<\/p>\n<h3 style=\"text-align: left;\"><span style=\"font-size: 28px; margin-bottom: 10px; display: inline-block; color: #2c496a;\">Conozca nuestros productos:<\/span><\/h3>\n<p>[\/vc_column_text]<div class=\"cz_gap clr \" style=\"height: 15px\"><\/div><ul id=\"cz_85524\" class=\"cz_85524 cz_stylish_list clr cz_sl_icon_hover_zoom_in\"><li class=\"clr\"><div class=\"cz_sl_icon\"><i class=\"fa fa-circle mr10\"><\/i><\/div><div><span>Cr\u00e9dito habilitaci\u00f3n \/av\u00edo<small><b>-<\/b>Proyecto productivo.<br\/><b>-<\/b>Capital de trabajo.<\/small><\/span><\/div><\/li><li class=\"clr\"><div class=\"cz_sl_icon\"><i class=\"fa fa-circle mr10\"><\/i><\/div><div><span>Cr\u00e9dito refaccionario <small><b>-<\/b>Adquisici\u00f3n de activos fijos. <br\/><b>-<\/b>Sistemas de riego, ecotecnolog\u00edas, invernadero, electrificaci\u00f3n, entre otros.<\/small><\/span><\/div><\/li><li class=\"clr\"><div class=\"cz_sl_icon\"><i class=\"fa fa-circle mr10\"><\/i><\/div><div><span>Arrendamiento puro<small><b>-<\/b>Maquinaria: tractores, implementos agr\u00edcolas, entre otros.<br\/><b>-<\/b>Veh\u00edculos y camionetas.<\/small><\/span><\/div><\/li><li class=\"clr\"><div class=\"cz_sl_icon\"><i class=\"fa fa-circle mr10\"><\/i><\/div><div><span>Cr\u00e9dito simple<small><b>-<\/b>Equipamiento en infraestructura. <br\/> <b>-<\/b>Capital de trabajo. <br\/><b>-<\/b>Proyecto productivo.<\/small><\/span><\/div><\/li><li class=\"clr\"><div class=\"cz_sl_icon\"><i class=\"fa fa-circle mr10\"><\/i><\/div><div><span>Cr\u00e9dito cuenta corriente<small><b>-<\/b>Capital de trabajo, necesidades transitorias de la misma actividad.<br\/><b>-<\/b>Proyecto productivo. <\/small><\/span><\/div><\/li><\/ul><div class=\"cz_gap clr \" style=\"height: 60px\"><\/div>[\/vc_column][\/vc_row][vc_row][vc_column]<div id=\"cz_32807\" class=\"cz_32807 cz_title clr cz_smart_fs cz_title_pos_inline tac\"><div class=\"cz_title_content\"><div class=\"cz_wpe_content\"><h3 style=\"text-align: center;\"><span style=\"font-size: 28px; margin-bottom: 10px; display: inline-block; color: #004469;\">Nuestros servicios est\u00e1n enfocados a:<\/span><\/h3>\n<p style=\"text-align: center;\"><span style=\"font-size: 16px; color: #666666; font-weight: 300;\">Satisfacer las necesidades de productores, proveedores y clientes de cadenas de valor. Otorgando financiamiento a negocios del sector agr\u00edcola, pecuario, agroalimentario y agroindustrial que intervienen en la producci\u00f3n, acopio, transformaci\u00f3n y comercializaci\u00f3n de bienes y servicios que provienen o se destinan a los sectores primario, industrial, comercial y de servicios.<\/span><\/p>\n<\/div><\/div><\/div><div class=\"cz_gap clr \" style=\"height: 30px\"><\/div>[vc_single_image image=&#8221;820&#8243; img_size=&#8221;full&#8221; alignment=&#8221;center&#8221;][\/vc_column][\/vc_row][vc_row][vc_column]<div class=\"cz_gap clr  hide_on_tablet hide_on_mobile\" style=\"height: 30px\"><\/div><div class=\"cz_gap show_on_tablet clr \" style=\"height: 30px\"><\/div>[\/vc_column][\/vc_row][vc_row full_width=&#8221;stretch_row&#8221; css=&#8221;.vc_custom_1543614610410{padding-top: 0px !important;padding-bottom: 0px !important;background-color: #f5f5f5 !important;}&#8221; el_id=&#8221;avio&#8221;][vc_column width=&#8221;1\/2&#8243; offset=&#8221;vc_col-md-6&#8243;]<div class=\"cz_gap clr  hide_on_tablet hide_on_mobile\" style=\"height: 32px\"><\/div><div class=\"cz_gap show_on_tablet clr \" style=\"height: 0px\"><\/div><div id=\"cz_100328\" class=\"cz_100328 cz_title clr cz_smart_fs cz_title_pos_inline\"><div class=\"cz_title_content\"><div class=\"cz_wpe_content\"><h3><span style=\"font-size: 28px; margin-bottom: 10px; display: inline-block; color: #004469;\">CR\u00c9DITO HABILITACI\u00d3N Y\/O AV\u00cdO<\/span><\/h3>\n<ul>\n<li class=\"p1\"><span style=\"color: #666666; font-size: 16px;\">Capital de trabajo<\/span><\/li>\n<li class=\"p1\"><span style=\"color: #666666; font-size: 16px;\">Proyecto productivo<\/span><\/li>\n<\/ul>\n<p><span style=\"font-size: 16px; color: #666666; font-weight: 300;\">La adquisici\u00f3n de materias primas y materiales, pago de jornales, salarios y gastos directos de la operaci\u00f3n. <\/span><\/p>\n<\/div><\/div><\/div><div class=\"cz_gap clr \" style=\"height: 40px\"><\/div>[vc_column_text css=&#8221;.vc_custom_1551452696641{padding-right: 30px !important;}&#8221;]<span style=\"color: #666666; font-size: 16px;\"><span style=\"color: #658369;\"><strong>Plazo:<\/strong> <\/span>De 3 a 12 meses<br \/>\n<span style=\"color: #658369;\"><strong>Caracter\u00edstica:\u00a0<\/strong><\/span>Multiciclo<\/span>[\/vc_column_text]<div id=\"cz_19531\" class=\"cz_19531 cz_title clr cz_smart_fs cz_title_pos_inline\"><div class=\"cz_title_content\"><div class=\"cz_wpe_content\"><h3><span style=\"font-size: 20px; margin-bottom: 10px; display: inline-block; color: #5d8466;\">Beneficios:<\/span><\/h3>\n<ul>\n<li><span style=\"font-size: 16px; color: #666666; font-weight: 300;\">Pago del capital e intereses conforme al ciclo &#8220;Traje a la medida&#8221;<br \/>\n<\/span><\/li>\n<li><span style=\"font-size: 16px; color: #666666; font-weight: 300;\">Tasas competitivas dentro del mercado<\/span><\/li>\n<li><span style=\"font-size: 16px; color: #666666; font-weight: 300;\">Oportunidad en la soluci\u00f3n de su cr\u00e9dito<\/span><\/li>\n<\/ul>\n<p><span style=\"color: #666666; font-size: 14px;\"><b>Aplican t\u00e9rminos y condiciones.<\/b><\/span><\/p>\n<\/div><\/div><\/div><div class=\"cz_gap clr  hide_on_tablet hide_on_mobile\" style=\"height: 32px\"><\/div><div class=\"cz_gap show_on_tablet clr \" style=\"height: 0px\"><\/div>[\/vc_column][vc_column width=&#8221;1\/2&#8243; offset=&#8221;vc_col-md-6&#8243;]<div class=\"cz_gap clr  hide_on_tablet hide_on_mobile\" style=\"height: 32px\"><\/div><div class=\"cz_gap show_on_tablet clr \" style=\"height: 0px\"><\/div>[vc_single_image image=&#8221;824&#8243; img_size=&#8221;full&#8221; alignment=&#8221;center&#8221;]<div class=\"cz_gap clr  hide_on_tablet hide_on_mobile\" style=\"height: 32px\"><\/div><div class=\"cz_gap show_on_tablet clr \" style=\"height: 0px\"><\/div>[\/vc_column][\/vc_row][vc_row full_width=&#8221;stretch_row&#8221; css=&#8221;.vc_custom_1543615398939{padding-top: 0px !important;padding-bottom: 0px !important;background-color: #f5f5f5 !important;}&#8221; el_id=&#8221;REFACCIONARIO&#8221;][vc_column width=&#8221;1\/2&#8243; offset=&#8221;vc_col-md-6&#8243;]<div class=\"cz_gap clr  hide_on_tablet hide_on_mobile\" style=\"height: 32px\"><\/div><div class=\"cz_gap show_on_tablet clr \" style=\"height: 0px\"><\/div>[vc_single_image image=&#8221;919&#8243; img_size=&#8221;full&#8221; alignment=&#8221;center&#8221;][\/vc_column][vc_column width=&#8221;1\/2&#8243; offset=&#8221;vc_col-md-6&#8243;]<div class=\"cz_gap clr  hide_on_tablet hide_on_mobile\" style=\"height: 32px\"><\/div><div class=\"cz_gap show_on_tablet clr \" style=\"height: 0px\"><\/div><div id=\"cz_93577\" class=\"cz_93577 cz_title clr cz_smart_fs cz_title_pos_inline\"><div class=\"cz_title_content\"><div class=\"cz_wpe_content\"><h3><span style=\"font-size: 28px; margin-bottom: 10px; display: inline-block; color: #004469;\">CR\u00c9DITO\u00a0REFACCIONARIO<\/span><\/h3>\n<ul>\n<li class=\"p1\"><span style=\"color: #666666;\">Adquisici\u00f3n de activos fijos<\/span><\/li>\n<li class=\"p1\"><span style=\"color: #666666;\">Sistemas de riego, invernadero, electrificaci\u00f3n, ecotecnolog\u00edas<\/span><\/li>\n<\/ul>\n<p><span style=\"font-size: 20px; color: #5d8466; font-weight: 300;\"><strong>Conceptos de inversi\u00f3n:\u00a0<\/strong><span style=\"color: #666666; font-size: 16px;\">Construcci\u00f3n e instalaci\u00f3n de red hidr\u00e1ulica, compra de pie de cr\u00eda pecuarios, establecimiento de cultivos. <\/span><\/span><\/p>\n<p><span style=\"font-size: 20px; color: #5d8466; font-weight: 300;\"><span style=\"color: #666666; font-size: 16px;\">Compra de tractores e implementos agr\u00edcolas, sistema de riego, de veh\u00edculos de campo y transporte, etc. <\/span><\/span><\/p>\n<\/div><\/div><\/div><div class=\"cz_gap clr \" style=\"height: 10px\"><\/div>[vc_column_text css=&#8221;.vc_custom_1551897385267{padding-right: 30px !important;}&#8221;]<span style=\"color: #666666;\"><span style=\"color: #658369;\"><strong>Plazo:<\/strong> <\/span>De 12 a 60 meses<\/span><br \/>\n<span style=\"color: #5d8466;\"><strong>Caracter\u00edsticas:<\/strong><\/span> <span style=\"color: #666666;\">Plazo y pago a capital de acuerdo a su proyecto productivo<\/span>[\/vc_column_text][vc_column_text]<\/p>\n<h3><span style=\"font-size: 20px; margin-bottom: 10px; display: inline-block; color: #5d8466;\">Beneficios:<\/span><\/h3>\n<ul>\n<li><span style=\"font-size: 16px; color: #666666; font-weight: 300;\">Pago del capital e intereses conforme al ciclo &#8220;Traje a la medida&#8221;<\/span><\/li>\n<li><span style=\"font-size: 16px; color: #666666; font-weight: 300;\">Tasas competitivas dentro del mercado<\/span><\/li>\n<li><span style=\"font-size: 16px; color: #666666; font-weight: 300;\">Oportunidad en la soluci\u00f3n de su cr\u00e9dito<\/span><\/li>\n<\/ul>\n<p><span style=\"color: #666666; font-size: 14px;\"><b>Aplican t\u00e9rminos y condiciones.<\/b><\/span>[\/vc_column_text][\/vc_column][\/vc_row][vc_row full_width=&#8221;stretch_row&#8221; css=&#8221;.vc_custom_1543615524311{padding-top: 0px !important;padding-bottom: 0px !important;background-color: #f5f5f5 !important;}&#8221; el_id=&#8221;PURO&#8221;][vc_column width=&#8221;1\/2&#8243; offset=&#8221;vc_col-md-6&#8243;]<div class=\"cz_gap clr  hide_on_tablet hide_on_mobile\" style=\"height: 32px\"><\/div><div class=\"cz_gap show_on_tablet clr \" style=\"height: 0px\"><\/div><div id=\"cz_91905\" class=\"cz_91905 cz_title clr cz_smart_fs cz_title_pos_inline\"><div class=\"cz_title_content\"><div class=\"cz_wpe_content\"><h3><span style=\"font-size: 28px; margin-bottom: 10px; display: inline-block; color: #004469;\">ARRENDAMIENTO PURO<\/span><\/h3>\n<ul>\n<li class=\"p1\"><span style=\"color: #666666;\">Maquinaria: tractores, implementos agr\u00edcolas entre otros<\/span><\/li>\n<li class=\"p1\"><span style=\"color: #666666;\">Veh\u00edculos y camionetas<\/span><\/li>\n<\/ul>\n<p><span style=\"font-size: 20px; color: #5d8466; font-weight: 300;\"><strong>Conceptos de inversi\u00f3n:\u00a0<\/strong><span style=\"color: #666666; font-size: 16px;\">Arrendamiento de cualquier tipo de veh\u00edculo (autom\u00f3viles, camionetas, camiones, maquinaria e implementos agroindustriales, etc).\u00a0<\/span><\/span><\/p>\n<\/div><\/div><\/div><div class=\"cz_gap clr \" style=\"height: 10px\"><\/div>[vc_column_text css=&#8221;.vc_custom_1551452713565{padding-right: 30px !important;}&#8221;]<span style=\"color: #666666;\"><span style=\"color: #658369;\"><strong>Plazo:<\/strong> <\/span>De 12 a 60 meses<br \/>\n<span style=\"color: #658369;\"><strong>Rentas en dep\u00f3sito:<\/strong><\/span> Adecuado a cada cliente seg\u00fan su necesidad<\/span><b><\/b>[\/vc_column_text]<div id=\"cz_65324\" class=\"cz_65324 cz_title clr cz_smart_fs cz_title_pos_inline\"><div class=\"cz_title_content\"><div class=\"cz_wpe_content\"><h3><span style=\"font-size: 20px; margin-bottom: 10px; display: inline-block; color: #5d8466;\">Beneficios:<\/span><\/h3>\n<ul>\n<li><span style=\"font-size: 16px; color: #666666; font-weight: 300;\"> Deducibilidad fiscal<br \/>\n<\/span><\/li>\n<\/ul>\n<p><span style=\"color: #666666; font-size: 14px;\"><b>Aplican t\u00e9rminos y condiciones.<\/b><\/span><\/p>\n<\/div><\/div><\/div><div class=\"cz_gap clr  hide_on_tablet hide_on_mobile\" style=\"height: 32px\"><\/div><div class=\"cz_gap show_on_tablet clr \" style=\"height: 0px\"><\/div>[\/vc_column][vc_column width=&#8221;1\/2&#8243; offset=&#8221;vc_col-md-6&#8243;]<div class=\"cz_gap clr  hide_on_tablet hide_on_mobile\" style=\"height: 32px\"><\/div><div class=\"cz_gap show_on_tablet clr \" style=\"height: 0px\"><\/div>[vc_single_image image=&#8221;1166&#8243; img_size=&#8221;full&#8221; alignment=&#8221;center&#8221;][\/vc_column][\/vc_row][vc_row full_width=&#8221;stretch_row&#8221; css=&#8221;.vc_custom_1543614743788{padding-top: 0px !important;padding-bottom: 0px !important;}&#8221; el_id=&#8221;simple&#8221;][vc_column width=&#8221;1\/2&#8243; offset=&#8221;vc_col-md-6&#8243;]<div class=\"cz_gap clr  hide_on_tablet hide_on_mobile\" style=\"height: 32px\"><\/div><div class=\"cz_gap show_on_tablet clr \" style=\"height: 0px\"><\/div>[vc_single_image image=&#8221;830&#8243; img_size=&#8221;full&#8221; alignment=&#8221;center&#8221;]<div class=\"cz_gap clr  hide_on_tablet hide_on_mobile\" style=\"height: 32px\"><\/div><div class=\"cz_gap show_on_tablet clr \" style=\"height: 0px\"><\/div>[\/vc_column][vc_column width=&#8221;1\/2&#8243; offset=&#8221;vc_col-md-6&#8243;]<div class=\"cz_gap clr  hide_on_tablet hide_on_mobile\" style=\"height: 32px\"><\/div><div class=\"cz_gap show_on_tablet clr \" style=\"height: 0px\"><\/div><div id=\"cz_55806\" class=\"cz_55806 cz_title clr cz_smart_fs cz_title_pos_inline\"><div class=\"cz_title_content\"><div class=\"cz_wpe_content\"><h3><span style=\"font-size: 28px; margin-bottom: 10px; display: inline-block; color: #004469;\">CR\u00c9DITO SIMPLE<\/span><\/h3>\n<ul>\n<li class=\"p1\"><span style=\"color: #666666;\">Equipamiento en infraestructura<\/span><\/li>\n<li class=\"p1\"><span style=\"color: #666666;\">Capital de trabajo<\/span><\/li>\n<li class=\"p1\"><span style=\"color: #666666;\">Proyecto productivo<\/span><\/li>\n<\/ul>\n<p><span style=\"font-size: 20px; color: #5d8466; font-weight: 300;\"><strong>Conceptos de inversi\u00f3n:\u00a0<\/strong><\/span><span style=\"font-size: 16px; font-weight: 300; color: #666666;\">Capital de trabajo permanente, para la compra de activos fijos, ampliaci\u00f3n, remodelaci\u00f3n, etc.<\/span><\/p>\n<\/div><\/div><\/div><div class=\"cz_gap clr \" style=\"height: 10px\"><\/div>[vc_column_text css=&#8221;.vc_custom_1551472854685{padding-right: 30px !important;}&#8221;]<span style=\"color: #666666;\"><span style=\"color: #658369;\"><strong>Plazo:<\/strong> <\/span>De 6<\/span><span style=\"color: #666666;\">\u00a0a 60 meses<br \/>\n<span style=\"color: #658369;\"><strong>Caracter\u00edstica:<\/strong><\/span> Multiciclo<\/span>[\/vc_column_text]<div id=\"cz_32965\" class=\"cz_32965 cz_title clr cz_smart_fs cz_title_pos_inline\"><div class=\"cz_title_content\"><div class=\"cz_wpe_content\"><h3><span style=\"font-size: 20px; margin-bottom: 10px; display: inline-block; color: #5d8466;\">Beneficios:<\/span><\/h3>\n<ul>\n<li><span style=\"font-size: 16px; color: #666666; font-weight: 300;\">Pago del capital e intereses conforme al ciclo &#8220;Traje a la medida&#8221;<\/span><\/li>\n<li><span style=\"font-size: 16px; color: #666666; font-weight: 300;\">Tasas competitivas dentro del mercado<\/span><\/li>\n<li><span style=\"font-size: 16px; color: #666666; font-weight: 300;\">Oportunidad en la soluci\u00f3n de su cr\u00e9dito<\/span><\/li>\n<\/ul>\n<p><span style=\"color: #666666; font-size: 14px;\"><b>Aplican t\u00e9rminos y condiciones.<\/b><\/span><\/p>\n<\/div><\/div><\/div><div class=\"cz_gap clr  hide_on_tablet hide_on_mobile\" style=\"height: 32px\"><\/div><div class=\"cz_gap show_on_tablet clr \" style=\"height: 0px\"><\/div>[\/vc_column][\/vc_row][vc_row full_width=&#8221;stretch_row&#8221; css=&#8221;.vc_custom_1543615407344{padding-top: 0px !important;padding-bottom: 0px !important;}&#8221; el_id=&#8221;corriente&#8221;][vc_column width=&#8221;1\/2&#8243; offset=&#8221;vc_col-md-6&#8243;]<div class=\"cz_gap clr  hide_on_tablet hide_on_mobile\" style=\"height: 32px\"><\/div><div class=\"cz_gap show_on_tablet clr \" style=\"height: 0px\"><\/div><div id=\"cz_17023\" class=\"cz_17023 cz_title clr cz_smart_fs cz_title_pos_inline\"><div class=\"cz_title_content\"><div class=\"cz_wpe_content\"><h3><span style=\"font-size: 28px; margin-bottom: 10px; display: inline-block; color: #004469;\">CR\u00c9DITO CUENTA CORRIENTE<\/span><\/h3>\n<ul>\n<li class=\"p1\"><span style=\"color: #666666;\"><span style=\"font-size: 16px; font-weight: 300; color: #666666;\">Capital de trabajo, necesidades transitorias de tesorer\u00eda<\/span><\/span><\/li>\n<li class=\"p1\"><span style=\"color: #666666;\">Proyecto productivo<\/span><\/li>\n<\/ul>\n<p><span style=\"font-size: 20px; color: #5d8466; font-weight: 300;\"><strong>Conceptos de inversi\u00f3n:\u00a0<\/strong><\/span><span style=\"color: #666666;\">Capital de trabajo, necesidades de liquidez\u00a0<\/span><\/p>\n<\/div><\/div><\/div><div class=\"cz_gap clr \" style=\"height: 10px\"><\/div>[vc_column_text css=&#8221;.vc_custom_1551897463941{padding-right: 30px !important;}&#8221;]<span style=\"color: #666666;\"><span style=\"color: #658369;\"><strong>Plazo: <\/strong><\/span>A partir de 3 meses<br \/>\n<span style=\"color: #658369;\"><strong>Caracter\u00edstica:\u00a0<\/strong><\/span>Plazo de acuerdo a su proyecto productivo<\/span>[\/vc_column_text]<div id=\"cz_83010\" class=\"cz_83010 cz_title clr cz_smart_fs cz_title_pos_inline\"><div class=\"cz_title_content\"><div class=\"cz_wpe_content\"><h3><span style=\"font-size: 20px; margin-bottom: 10px; display: inline-block; color: #5d8466;\">Beneficios:<\/span><\/h3>\n<ul>\n<li><span style=\"font-size: 16px; color: #666666; font-weight: 300;\">Pago del capital e intereses conforme al ciclo &#8220;Traje a la medida&#8221;<\/span><\/li>\n<li><span style=\"font-size: 16px; color: #666666; font-weight: 300;\">Tasas competitivas dentro del mercado<\/span><\/li>\n<li><span style=\"font-size: 16px; color: #666666; font-weight: 300;\">Oportunidad en la soluci\u00f3n de su cr\u00e9dito<\/span><\/li>\n<\/ul>\n<p><span style=\"color: #666666; font-size: 14px;\"><b>Aplican t\u00e9rminos y condiciones.<\/b><\/span><\/p>\n<\/div><\/div><\/div><div class=\"cz_gap clr  hide_on_tablet hide_on_mobile\" style=\"height: 32px\"><\/div><div class=\"cz_gap show_on_tablet clr \" style=\"height: 0px\"><\/div>[\/vc_column][vc_column width=&#8221;1\/2&#8243; offset=&#8221;vc_col-md-6&#8243;]<div class=\"cz_gap clr  hide_on_tablet hide_on_mobile\" style=\"height: 32px\"><\/div><div class=\"cz_gap show_on_tablet clr \" style=\"height: 0px\"><\/div>[vc_single_image image=&#8221;916&#8243; img_size=&#8221;full&#8221; alignment=&#8221;center&#8221;]<div class=\"cz_gap clr \" style=\"height: 80px\"><\/div>[\/vc_column][\/vc_row][vc_row][vc_column]<div id=\"cz_36348\" class=\"cz_36348 cz_title clr cz_smart_fs cz_title_pos_inline tac\"><div class=\"cz_title_content\"><div class=\"cz_wpe_content\"><h3 style=\"text-align: center;\"><span style=\"font-size: 28px; margin-bottom: 10px; display: inline-block; color: #004469;\">SU CR\u00c9DITO EN 4 PASOS<\/span><\/h3>\n<\/div><\/div><\/div><div class=\"cz_gap clr  hide_on_tablet hide_on_mobile\" style=\"height: 32px\"><\/div><div class=\"cz_gap show_on_tablet clr \" style=\"height: 0px\"><\/div>[vc_row_inner][vc_column_inner width=&#8221;1\/4&#8243;][vc_icon icon_fontawesome=&#8221;fa fa-search&#8221; color=&#8221;custom&#8221; size=&#8221;lg&#8221; custom_color=&#8221;#698a01&#8243;]<div id=\"cz_77038\" class=\"cz_77038 cz_title clr cz_smart_fs cz_title_pos_inline\"><div class=\"cz_title_content\"><div class=\"cz_wpe_content\"><h3><span style=\"font-size: 20px; margin-bottom: 10px; display: inline-block; color: #5d8466;\">1. PROMOCI\u00d3N<\/span><\/h3>\n<\/div><\/div><\/div><div class=\"cz_gap clr \" style=\"height: 10px\"><\/div><ul id=\"cz_83216\" class=\"cz_83216 cz_stylish_list clr cz_sl_icon_hover_zoom_in\"><li class=\"clr\"><div class=\"cz_sl_icon\"><i class=\"fa fa-circle mr10\"><\/i><\/div><div><span>Prospecto<\/span><\/div><\/li><li class=\"clr\"><div class=\"cz_sl_icon\"><i class=\"fa fa-circle mr10\"><\/i><\/div><div><span>Solicitud de cr\u00e9dito<\/span><\/div><\/li><li class=\"clr\"><div class=\"cz_sl_icon\"><i class=\"fa fa-circle mr10\"><\/i><\/div><div><span>Recopilaci\u00f3n de informaci\u00f3n<\/span><\/div><\/li><\/ul>[\/vc_column_inner][vc_column_inner width=&#8221;1\/4&#8243;][vc_icon icon_fontawesome=&#8221;fa fa-pie-chart&#8221; color=&#8221;custom&#8221; size=&#8221;lg&#8221; custom_color=&#8221;#698a01&#8243;]<div id=\"cz_26720\" class=\"cz_26720 cz_title clr cz_smart_fs cz_title_pos_inline\"><div class=\"cz_title_content\"><div class=\"cz_wpe_content\"><h3><span style=\"font-size: 20px; margin-bottom: 10px; display: inline-block; color: #5d8466;\">2. AN\u00c1LISIS Y DECISI\u00d3N<\/span><\/h3>\n<\/div><\/div><\/div><div class=\"cz_gap clr \" style=\"height: 10px\"><\/div><ul id=\"cz_109837\" class=\"cz_109837 cz_stylish_list clr cz_sl_icon_hover_zoom_in\"><li class=\"clr\"><div class=\"cz_sl_icon\"><i class=\"fa fa-circle mr10\"><\/i><\/div><div><span>Procesamiento de la informaci\u00f3n<\/span><\/div><\/li><li class=\"clr\"><div class=\"cz_sl_icon\"><i class=\"fa fa-circle mr10\"><\/i><\/div><div><span>An\u00e1lisis de cr\u00e9dito<\/span><\/div><\/li><li class=\"clr\"><div class=\"cz_sl_icon\"><i class=\"fa fa-circle mr10\"><\/i><\/div><div><span>Autorizaci\u00f3n<\/span><\/div><\/li><\/ul>[\/vc_column_inner][vc_column_inner width=&#8221;1\/4&#8243;][vc_icon icon_fontawesome=&#8221;fa fa-file-text-o&#8221; color=&#8221;custom&#8221; size=&#8221;lg&#8221; custom_color=&#8221;#698a01&#8243;]<div id=\"cz_80393\" class=\"cz_80393 cz_title clr cz_smart_fs cz_title_pos_inline\"><div class=\"cz_title_content\"><div class=\"cz_wpe_content\"><h3><span style=\"font-size: 20px; margin-bottom: 10px; display: inline-block; color: #5d8466;\">3. INSTRUMENTACI\u00d3N Y DESEMBOLSO<\/span><\/h3>\n<\/div><\/div><\/div><ul id=\"cz_101125\" class=\"cz_101125 cz_stylish_list clr cz_sl_icon_hover_zoom_in\"><li class=\"clr\"><div class=\"cz_sl_icon\"><i class=\"fa fa-circle mr10\"><\/i><\/div><div><span>Formalizaci\u00f3n de contrato de cr\u00e9dito <\/span><\/div><\/li><li class=\"clr\"><div class=\"cz_sl_icon\"><i class=\"fa fa-circle mr10\"><\/i><\/div><div><span>Documentaci\u00f3n de cr\u00e9dito<\/span><\/div><\/li><li class=\"clr\"><div class=\"cz_sl_icon\"><i class=\"fa fa-circle mr10\"><\/i><\/div><div><span>Entrega de recursos<\/span><\/div><\/li><\/ul>[\/vc_column_inner][vc_column_inner width=&#8221;1\/4&#8243;][vc_icon icon_fontawesome=&#8221;fa fa-eye&#8221; color=&#8221;custom&#8221; size=&#8221;lg&#8221; custom_color=&#8221;#698a01&#8243;]<div id=\"cz_35910\" class=\"cz_35910 cz_title clr cz_smart_fs cz_title_pos_inline\"><div class=\"cz_title_content\"><div class=\"cz_wpe_content\"><h3><span style=\"font-size: 20px; margin-bottom: 10px; display: inline-block; color: #5d8466;\">4. SEGUIMIENTO Y RECUPERACI\u00d3N<\/span><\/h3>\n<\/div><\/div><\/div><div class=\"cz_gap clr \" style=\"height: 10px\"><\/div><ul id=\"cz_46918\" class=\"cz_46918 cz_stylish_list clr cz_sl_icon_hover_zoom_in\"><li class=\"clr\"><div class=\"cz_sl_icon\"><i class=\"fa fa-circle mr10\"><\/i><\/div><div><span>Administraci\u00f3n de cartera<\/span><\/div><\/li><li class=\"clr\"><div class=\"cz_sl_icon\"><i class=\"fa fa-circle mr10\"><\/i><\/div><div><span>Seguimiento y supervisi\u00f3n<\/span><\/div><\/li><\/ul>[\/vc_column_inner][\/vc_row_inner]<div class=\"cz_gap clr \" style=\"height: 70px\"><\/div>[\/vc_column][\/vc_row]<\/p>\n<\/section>","protected":false},"excerpt":{"rendered":"<p>[vc_row full_width=&#8221;stretch_row&#8221; css=&#8221;.vc_custom_1550246338187{background-image: url(http:\/\/credicampo.com.mx\/wp-content\/uploads\/2019\/02\/servicios-1-1.jpg?id=1207) !important;background-position: center !important;background-repeat: no-repeat !important;background-size: cover !important;}&#8221;][vc_column][vc_row_inner][vc_column_inner &#8230; <\/p>\n","protected":false},"author":1,"featured_media":0,"parent":0,"menu_order":0,"comment_status":"closed","ping_status":"closed","template":"","meta":{"_joinchat":[]},"_links":{"self":[{"href":"https:\/\/credicampo.com.mx\/index.php?rest_route=\/wp\/v2\/pages\/797"}],"collection":[{"href":"https:\/\/credicampo.com.mx\/index.php?rest_route=\/wp\/v2\/pages"}],"about":[{"href":"https:\/\/credicampo.com.mx\/index.php?rest_route=\/wp\/v2\/types\/page"}],"author":[{"embeddable":true,"href":"https:\/\/credicampo.com.mx\/index.php?rest_route=\/wp\/v2\/users\/1"}],"replies":[{"embeddable":true,"href":"https:\/\/credicampo.com.mx\/index.php?rest_route=%2Fwp%2Fv2%2Fcomments&post=797"}],"version-history":[{"count":0,"href":"https:\/\/credicampo.com.mx\/index.php?rest_route=\/wp\/v2\/pages\/797\/revisions"}],"wp:attachment":[{"href":"https:\/\/credicampo.com.mx\/index.php?rest_route=%2Fwp%2Fv2%2Fmedia&parent=797"}],"curies":[{"name":"wp","href":"https:\/\/api.w.org\/{rel}","templated":true}]}}